{"id":1126,"date":"2023-09-08T19:03:35","date_gmt":"2023-09-08T17:03:35","guid":{"rendered":"https:\/\/pdmgifts.com\/bodegues\/"},"modified":"2026-03-01T12:34:57","modified_gmt":"2026-03-01T11:34:57","slug":"bodegas","status":"publish","type":"page","link":"https:\/\/pdmgifts.com\/es\/bodegas\/","title":{"rendered":"Bodegas"},"content":{"rendered":"\t\t<div data-elementor-type=\"wp-page\" data-elementor-id=\"1126\" class=\"elementor elementor-1126 elementor-1073\" data-elementor-post-type=\"page\">\n\t\t\t\t<div class=\"elementor-element elementor-element-d5e8dda e-flex e-con-boxed e-con e-parent\" data-id=\"d5e8dda\" data-element_type=\"container\" data-e-type=\"container\" data-settings=\"{&quot;jet_parallax_layout_list&quot;:[]}\">\n\t\t\t\t\t<div class=\"e-con-inner\">\n\t\t<div class=\"elementor-element elementor-element-01c0851 e-con-full e-flex e-con e-child\" data-id=\"01c0851\" data-element_type=\"container\" data-e-type=\"container\" data-settings=\"{&quot;jet_parallax_layout_list&quot;:[]}\">\n\t\t\t\t<div class=\"elementor-element elementor-element-f5e1384 elementor-widget elementor-widget-heading\" data-id=\"f5e1384\" data-element_type=\"widget\" data-e-type=\"widget\" data-widget_type=\"heading.default\">\n\t\t\t\t<div class=\"elementor-widget-container\">\n\t\t\t\t\t<h2 class=\"elementor-heading-title elementor-size-default\">BODEGAS<\/h2>\t\t\t\t<\/div>\n\t\t\t\t<\/div>\n\t\t\t\t<div class=\"elementor-element elementor-element-92d04ac elementor-widget elementor-widget-jet-listing-grid\" data-id=\"92d04ac\" data-element_type=\"widget\" data-e-type=\"widget\" data-settings=\"{&quot;columns&quot;:&quot;3&quot;,&quot;columns_tablet&quot;:&quot;2&quot;,&quot;columns_mobile&quot;:&quot;1&quot;}\" data-widget_type=\"jet-listing-grid.default\">\n\t\t\t\t<div class=\"elementor-widget-container\">\n\t\t\t\t\t<div class=\"jet-listing-grid jet-listing\"><div class=\"jet-listing-grid__items grid-col-desk-3 grid-col-tablet-2 grid-col-mobile-1 jet-listing-grid--1296 jet-listing-grid__masonry\" data-masonry-grid-options=\"{&quot;columns&quot;:{&quot;desktop&quot;:3,&quot;tablet&quot;:2,&quot;mobile&quot;:1}}\" data-queried-id=\"1126|WP_Post\" data-nav=\"{&quot;enabled&quot;:false,&quot;type&quot;:null,&quot;more_el&quot;:null,&quot;query&quot;:[],&quot;widget_settings&quot;:{&quot;lisitng_id&quot;:1296,&quot;posts_num&quot;:999,&quot;columns&quot;:3,&quot;columns_tablet&quot;:2,&quot;columns_mobile&quot;:1,&quot;column_min_width&quot;:240,&quot;column_min_width_tablet&quot;:240,&quot;column_min_width_mobile&quot;:240,&quot;inline_columns_css&quot;:false,&quot;is_archive_template&quot;:&quot;&quot;,&quot;post_status&quot;:[&quot;publish&quot;],&quot;use_random_posts_num&quot;:&quot;&quot;,&quot;max_posts_num&quot;:9,&quot;not_found_message&quot;:&quot;No data was found&quot;,&quot;is_masonry&quot;:true,&quot;equal_columns_height&quot;:&quot;&quot;,&quot;use_load_more&quot;:&quot;&quot;,&quot;load_more_id&quot;:&quot;&quot;,&quot;load_more_type&quot;:&quot;click&quot;,&quot;load_more_offset&quot;:{&quot;unit&quot;:&quot;px&quot;,&quot;size&quot;:0,&quot;sizes&quot;:[]},&quot;use_custom_post_types&quot;:&quot;&quot;,&quot;custom_post_types&quot;:[],&quot;hide_widget_if&quot;:&quot;&quot;,&quot;carousel_enabled&quot;:&quot;&quot;,&quot;slides_to_scroll&quot;:&quot;1&quot;,&quot;arrows&quot;:&quot;true&quot;,&quot;arrow_icon&quot;:&quot;fa fa-angle-left&quot;,&quot;dots&quot;:&quot;&quot;,&quot;autoplay&quot;:&quot;true&quot;,&quot;pause_on_hover&quot;:&quot;true&quot;,&quot;autoplay_speed&quot;:5000,&quot;infinite&quot;:&quot;true&quot;,&quot;center_mode&quot;:&quot;&quot;,&quot;effect&quot;:&quot;slide&quot;,&quot;speed&quot;:500,&quot;inject_alternative_items&quot;:&quot;&quot;,&quot;injection_items&quot;:[],&quot;scroll_slider_enabled&quot;:&quot;&quot;,&quot;scroll_slider_on&quot;:[&quot;desktop&quot;,&quot;tablet&quot;,&quot;mobile&quot;],&quot;custom_query&quot;:false,&quot;custom_query_id&quot;:&quot;&quot;,&quot;_element_id&quot;:&quot;&quot;,&quot;collapse_first_last_gap&quot;:false,&quot;list_tag_selection&quot;:&quot;&quot;,&quot;list_items_wrapper_tag&quot;:&quot;div&quot;,&quot;list_item_tag&quot;:&quot;div&quot;,&quot;empty_items_wrapper_tag&quot;:&quot;div&quot;}}\" data-page=\"1\" data-pages=\"1\" data-listing-source=\"posts\" data-listing-id=\"1296\" data-query-id=\"\"><div class=\"jet-listing-grid__item jet-listing-dynamic-post-4555\" data-post-id=\"4555\"  >\t\t<div data-elementor-type=\"jet-listing-items\" data-elementor-id=\"1296\" class=\"elementor elementor-1296 elementor-1063 elementor-1063\" data-elementor-post-type=\"jet-engine\">\n\t\t\t\t<a class=\"elementor-element elementor-element-4728787 e-con-full e-flex e-con e-parent\" data-id=\"4728787\" data-element_type=\"container\" data-e-type=\"container\" data-settings=\"{&quot;jet_parallax_layout_list&quot;:[],&quot;background_background&quot;:&quot;classic&quot;}\" href=\"https:\/\/pdmgifts.com\/es\/serveis\/escupideras-personalizadas-en-el-ritual-de-la-cata\/\">\n\t\t\t\t<div class=\"elementor-element elementor-element-ab224e8 elementor-widget elementor-widget-image\" data-id=\"ab224e8\" data-element_type=\"widget\" data-e-type=\"widget\" data-widget_type=\"image.default\">\n\t\t\t\t<div class=\"elementor-widget-container\">\n\t\t\t\t\t\t\t\t\t\t\t\t\t\t\t<img fetchpriority=\"high\" decoding=\"async\" width=\"550\" height=\"550\" src=\"https:\/\/pdmgifts.com\/wp-content\/uploads\/2026\/02\/14-1.jpg\" class=\"attachment-full size-full wp-image-4247\" alt=\"\" srcset=\"https:\/\/pdmgifts.com\/wp-content\/uploads\/2026\/02\/14-1.jpg 550w, https:\/\/pdmgifts.com\/wp-content\/uploads\/2026\/02\/14-1-300x300.jpg 300w, https:\/\/pdmgifts.com\/wp-content\/uploads\/2026\/02\/14-1-150x150.jpg 150w\" sizes=\"(max-width: 550px) 100vw, 550px\" title=\"\">\t\t\t\t\t\t\t\t\t\t\t\t\t\t\t<\/div>\n\t\t\t\t<\/div>\n\t\t\t\t<div class=\"elementor-element elementor-element-f6a5dc6 elementor-widget elementor-widget-heading\" data-id=\"f6a5dc6\" data-element_type=\"widget\" data-e-type=\"widget\" data-widget_type=\"heading.default\">\n\t\t\t\t<div class=\"elementor-widget-container\">\n\t\t\t\t\t<h2 class=\"elementor-heading-title elementor-size-default\">Escupideras Personalizadas: El Elemento que Define el Profesionalismo en el Ritual de la Cata<\/h2>\t\t\t\t<\/div>\n\t\t\t\t<\/div>\n\t\t\t\t<div class=\"elementor-element elementor-element-a424cfa elementor-widget elementor-widget-text-editor\" data-id=\"a424cfa\" data-element_type=\"widget\" data-e-type=\"widget\" data-widget_type=\"text-editor.default\">\n\t\t\t\t<div class=\"elementor-widget-container\">\n\t\t\t\t\t\t\t\t\tEn el mundo de la enolog\u00eda, la cata es un acto de precisi\u00f3n y respeto por el producto. Sin embargo, hay un elemento que a menudo se olvida y que, visualmente, ocupa un lugar central en la mesa: la escupidera.\t\t\t\t\t\t\t\t<\/div>\n\t\t\t\t<\/div>\n\t\t\t\t<\/a>\n\t\t\t\t<\/div>\n\t\t<\/div><div class=\"jet-listing-grid__item jet-listing-dynamic-post-4540\" data-post-id=\"4540\"  >\t\t<div data-elementor-type=\"jet-listing-items\" data-elementor-id=\"1296\" class=\"elementor elementor-1296 elementor-1063 elementor-1063\" data-elementor-post-type=\"jet-engine\">\n\t\t\t\t<a class=\"elementor-element elementor-element-4728787 e-con-full e-flex e-con e-parent\" data-id=\"4728787\" data-element_type=\"container\" data-e-type=\"container\" data-settings=\"{&quot;jet_parallax_layout_list&quot;:[],&quot;background_background&quot;:&quot;classic&quot;}\" href=\"https:\/\/pdmgifts.com\/es\/serveis\/cubiteras-personalizadas-para-tu-bodega\/\">\n\t\t\t\t<div class=\"elementor-element elementor-element-ab224e8 elementor-widget elementor-widget-image\" data-id=\"ab224e8\" data-element_type=\"widget\" data-e-type=\"widget\" data-widget_type=\"image.default\">\n\t\t\t\t<div class=\"elementor-widget-container\">\n\t\t\t\t\t\t\t\t\t\t\t\t\t\t\t<img decoding=\"async\" width=\"550\" height=\"550\" src=\"https:\/\/pdmgifts.com\/wp-content\/uploads\/2026\/02\/4-4.jpg\" class=\"attachment-full size-full wp-image-4229\" alt=\"\" srcset=\"https:\/\/pdmgifts.com\/wp-content\/uploads\/2026\/02\/4-4.jpg 550w, https:\/\/pdmgifts.com\/wp-content\/uploads\/2026\/02\/4-4-300x300.jpg 300w, https:\/\/pdmgifts.com\/wp-content\/uploads\/2026\/02\/4-4-150x150.jpg 150w\" sizes=\"(max-width: 550px) 100vw, 550px\" title=\"\">\t\t\t\t\t\t\t\t\t\t\t\t\t\t\t<\/div>\n\t\t\t\t<\/div>\n\t\t\t\t<div class=\"elementor-element elementor-element-f6a5dc6 elementor-widget elementor-widget-heading\" data-id=\"f6a5dc6\" data-element_type=\"widget\" data-e-type=\"widget\" data-widget_type=\"heading.default\">\n\t\t\t\t<div class=\"elementor-widget-container\">\n\t\t\t\t\t<h2 class=\"elementor-heading-title elementor-size-default\">Cubiteras Personalizadas: Distinci\u00f3n para tu Bodega en cada evento<\/h2>\t\t\t\t<\/div>\n\t\t\t\t<\/div>\n\t\t\t\t<div class=\"elementor-element elementor-element-a424cfa elementor-widget elementor-widget-text-editor\" data-id=\"a424cfa\" data-element_type=\"widget\" data-e-type=\"widget\" data-widget_type=\"text-editor.default\">\n\t\t\t\t<div class=\"elementor-widget-container\">\n\t\t\t\t\t\t\t\t\tEn el sector vitivin\u00edcola, la presentaci\u00f3n del producto es importante. Las cubiteras personalizadas ofrecen una ventaja estrat\u00e9gica \u00fanica: otorgan a tus botellas el escenario que merecen, ocupando una posici\u00f3n privilegiada tanto en la mesa de un restaurante como en el mostrador de un stand.\t\t\t\t\t\t\t\t<\/div>\n\t\t\t\t<\/div>\n\t\t\t\t<\/a>\n\t\t\t\t<\/div>\n\t\t<\/div><div class=\"jet-listing-grid__item jet-listing-dynamic-post-4538\" data-post-id=\"4538\"  >\t\t<div data-elementor-type=\"jet-listing-items\" data-elementor-id=\"1296\" class=\"elementor elementor-1296 elementor-1063 elementor-1063\" data-elementor-post-type=\"jet-engine\">\n\t\t\t\t<a class=\"elementor-element elementor-element-4728787 e-con-full e-flex e-con e-parent\" data-id=\"4728787\" data-element_type=\"container\" data-e-type=\"container\" data-settings=\"{&quot;jet_parallax_layout_list&quot;:[],&quot;background_background&quot;:&quot;classic&quot;}\" href=\"https:\/\/pdmgifts.com\/es\/serveis\/cojines-personalizados-terrazas-que-triunfan-en-verano\/\">\n\t\t\t\t<div class=\"elementor-element elementor-element-ab224e8 elementor-widget elementor-widget-image\" data-id=\"ab224e8\" data-element_type=\"widget\" data-e-type=\"widget\" data-widget_type=\"image.default\">\n\t\t\t\t<div class=\"elementor-widget-container\">\n\t\t\t\t\t\t\t\t\t\t\t\t\t\t\t<img decoding=\"async\" width=\"550\" height=\"550\" src=\"https:\/\/pdmgifts.com\/wp-content\/uploads\/2025\/07\/parasol-personalizado.jpg\" class=\"attachment-full size-full wp-image-3837\" alt=\"\" srcset=\"https:\/\/pdmgifts.com\/wp-content\/uploads\/2025\/07\/parasol-personalizado.jpg 550w, https:\/\/pdmgifts.com\/wp-content\/uploads\/2025\/07\/parasol-personalizado-300x300.jpg 300w, https:\/\/pdmgifts.com\/wp-content\/uploads\/2025\/07\/parasol-personalizado-150x150.jpg 150w\" sizes=\"(max-width: 550px) 100vw, 550px\" title=\"\">\t\t\t\t\t\t\t\t\t\t\t\t\t\t\t<\/div>\n\t\t\t\t<\/div>\n\t\t\t\t<div class=\"elementor-element elementor-element-f6a5dc6 elementor-widget elementor-widget-heading\" data-id=\"f6a5dc6\" data-element_type=\"widget\" data-e-type=\"widget\" data-widget_type=\"heading.default\">\n\t\t\t\t<div class=\"elementor-widget-container\">\n\t\t\t\t\t<h2 class=\"elementor-heading-title elementor-size-default\">Cojines Personalizados: El Secreto de las Terrazas que Triunfan en Verano<\/h2>\t\t\t\t<\/div>\n\t\t\t\t<\/div>\n\t\t\t\t<div class=\"elementor-element elementor-element-a424cfa elementor-widget elementor-widget-text-editor\" data-id=\"a424cfa\" data-element_type=\"widget\" data-e-type=\"widget\" data-widget_type=\"text-editor.default\">\n\t\t\t\t<div class=\"elementor-widget-container\">\n\t\t\t\t\t\t\t\t\tEl verano est\u00e1 a la vuelta de la esquina y, en el mundo de la hosteler\u00eda, la primera impresi\u00f3n no se sirve en un plato; se siente al sentarse. Si gestionas un chiringuito de nivel, una zona VIP o una terraza urbana, sabes que la diferencia entre un cliente que se queda una hora y uno que pide otra botella del mejor cava o vino es el confort visual y f\u00edsico.\t\t\t\t\t\t\t\t<\/div>\n\t\t\t\t<\/div>\n\t\t\t\t<\/a>\n\t\t\t\t<\/div>\n\t\t<\/div><div class=\"jet-listing-grid__item jet-listing-dynamic-post-4214\" data-post-id=\"4214\"  >\t\t<div data-elementor-type=\"jet-listing-items\" data-elementor-id=\"1296\" class=\"elementor elementor-1296 elementor-1063 elementor-1063\" data-elementor-post-type=\"jet-engine\">\n\t\t\t\t<a class=\"elementor-element elementor-element-4728787 e-con-full e-flex e-con e-parent\" data-id=\"4728787\" data-element_type=\"container\" data-e-type=\"container\" data-settings=\"{&quot;jet_parallax_layout_list&quot;:[],&quot;background_background&quot;:&quot;classic&quot;}\" href=\"https:\/\/pdmgifts.com\/es\/serveis\/copa-logotipo-de-la-bodega-grabado\/\">\n\t\t\t\t<div class=\"elementor-element elementor-element-ab224e8 elementor-widget elementor-widget-image\" data-id=\"ab224e8\" data-element_type=\"widget\" data-e-type=\"widget\" data-widget_type=\"image.default\">\n\t\t\t\t<div class=\"elementor-widget-container\">\n\t\t\t\t\t\t\t\t\t\t\t\t\t\t\t<img loading=\"lazy\" decoding=\"async\" width=\"550\" height=\"550\" src=\"https:\/\/pdmgifts.com\/wp-content\/uploads\/2026\/02\/11-2.jpg\" class=\"attachment-full size-full wp-image-4241\" alt=\"\" srcset=\"https:\/\/pdmgifts.com\/wp-content\/uploads\/2026\/02\/11-2.jpg 550w, https:\/\/pdmgifts.com\/wp-content\/uploads\/2026\/02\/11-2-300x300.jpg 300w, https:\/\/pdmgifts.com\/wp-content\/uploads\/2026\/02\/11-2-150x150.jpg 150w\" sizes=\"(max-width: 550px) 100vw, 550px\" title=\"\">\t\t\t\t\t\t\t\t\t\t\t\t\t\t\t<\/div>\n\t\t\t\t<\/div>\n\t\t\t\t<div class=\"elementor-element elementor-element-f6a5dc6 elementor-widget elementor-widget-heading\" data-id=\"f6a5dc6\" data-element_type=\"widget\" data-e-type=\"widget\" data-widget_type=\"heading.default\">\n\t\t\t\t<div class=\"elementor-widget-container\">\n\t\t\t\t\t<h2 class=\"elementor-heading-title elementor-size-default\">Cristal que refuerza la memoria de marca en cada degustaci\u00f3n<\/h2>\t\t\t\t<\/div>\n\t\t\t\t<\/div>\n\t\t\t\t<div class=\"elementor-element elementor-element-a424cfa elementor-widget elementor-widget-text-editor\" data-id=\"a424cfa\" data-element_type=\"widget\" data-e-type=\"widget\" data-widget_type=\"text-editor.default\">\n\t\t\t\t<div class=\"elementor-widget-container\">\n\t\t\t\t\t\t\t\t\tEn el mundo del vino, aquello que se toca, se utiliza y se recuerda es lo que construye marca. Para una bodega, una copa de cristal de vino o cava personalizada no es solo un soporte de degustaci\u00f3n, es una extensi\u00f3n directa de su identidad.\t\t\t\t\t\t\t\t<\/div>\n\t\t\t\t<\/div>\n\t\t\t\t<\/a>\n\t\t\t\t<\/div>\n\t\t<\/div><div class=\"jet-listing-grid__item jet-listing-dynamic-post-3551\" data-post-id=\"3551\"  >\t\t<div data-elementor-type=\"jet-listing-items\" data-elementor-id=\"1296\" class=\"elementor elementor-1296 elementor-1063 elementor-1063\" data-elementor-post-type=\"jet-engine\">\n\t\t\t\t<a class=\"elementor-element elementor-element-4728787 e-con-full e-flex e-con e-parent\" data-id=\"4728787\" data-element_type=\"container\" data-e-type=\"container\" data-settings=\"{&quot;jet_parallax_layout_list&quot;:[],&quot;background_background&quot;:&quot;classic&quot;}\" href=\"https:\/\/pdmgifts.com\/es\/serveis\/bodegas-porta-copas-de-vino-cava\/\">\n\t\t\t\t<div class=\"elementor-element elementor-element-ab224e8 elementor-widget elementor-widget-image\" data-id=\"ab224e8\" data-element_type=\"widget\" data-e-type=\"widget\" data-widget_type=\"image.default\">\n\t\t\t\t<div class=\"elementor-widget-container\">\n\t\t\t\t\t\t\t\t\t\t\t\t\t\t\t<img loading=\"lazy\" decoding=\"async\" width=\"2227\" height=\"2227\" src=\"https:\/\/pdmgifts.com\/wp-content\/uploads\/2025\/06\/portacopas-vino-cava-manoslibres1.webp\" class=\"attachment-full size-full wp-image-3553\" alt=\"porta copas manos libres\" srcset=\"https:\/\/pdmgifts.com\/wp-content\/uploads\/2025\/06\/portacopas-vino-cava-manoslibres1.webp 2227w, https:\/\/pdmgifts.com\/wp-content\/uploads\/2025\/06\/portacopas-vino-cava-manoslibres1-300x300.webp 300w, https:\/\/pdmgifts.com\/wp-content\/uploads\/2025\/06\/portacopas-vino-cava-manoslibres1-1024x1024.webp 1024w, https:\/\/pdmgifts.com\/wp-content\/uploads\/2025\/06\/portacopas-vino-cava-manoslibres1-150x150.webp 150w, https:\/\/pdmgifts.com\/wp-content\/uploads\/2025\/06\/portacopas-vino-cava-manoslibres1-768x768.webp 768w, https:\/\/pdmgifts.com\/wp-content\/uploads\/2025\/06\/portacopas-vino-cava-manoslibres1-1536x1536.webp 1536w, https:\/\/pdmgifts.com\/wp-content\/uploads\/2025\/06\/portacopas-vino-cava-manoslibres1-2048x2048.webp 2048w\" sizes=\"(max-width: 2227px) 100vw, 2227px\" title=\"\">\t\t\t\t\t\t\t\t\t\t\t\t\t\t\t<\/div>\n\t\t\t\t<\/div>\n\t\t\t\t<div class=\"elementor-element elementor-element-f6a5dc6 elementor-widget elementor-widget-heading\" data-id=\"f6a5dc6\" data-element_type=\"widget\" data-e-type=\"widget\" data-widget_type=\"heading.default\">\n\t\t\t\t<div class=\"elementor-widget-container\">\n\t\t\t\t\t<h2 class=\"elementor-heading-title elementor-size-default\">Porta copas de vino o cava para ferias y congresos<\/h2>\t\t\t\t<\/div>\n\t\t\t\t<\/div>\n\t\t\t\t<div class=\"elementor-element elementor-element-a424cfa elementor-widget elementor-widget-text-editor\" data-id=\"a424cfa\" data-element_type=\"widget\" data-e-type=\"widget\" data-widget_type=\"text-editor.default\">\n\t\t\t\t<div class=\"elementor-widget-container\">\n\t\t\t\t\t\t\t\t\tPorta copas de copas de vino y cava para ferias , eventos, congresos, feria, catas de vinos. Unos de los productos m\u00e1s demandados para ferias gaston\u00f3micas, feria de vinos, catas de vinos, o congresos en general. Permite llevar tu copa de forma segura alrededor de tu cuello teniendo las manos libres\t\t\t\t\t\t\t\t<\/div>\n\t\t\t\t<\/div>\n\t\t\t\t<\/a>\n\t\t\t\t<\/div>\n\t\t<\/div><div class=\"jet-listing-grid__item jet-listing-dynamic-post-2406\" data-post-id=\"2406\"  >\t\t<div data-elementor-type=\"jet-listing-items\" data-elementor-id=\"1296\" class=\"elementor elementor-1296 elementor-1063 elementor-1063\" data-elementor-post-type=\"jet-engine\">\n\t\t\t\t<a class=\"elementor-element elementor-element-4728787 e-con-full e-flex e-con e-parent\" data-id=\"4728787\" data-element_type=\"container\" data-e-type=\"container\" data-settings=\"{&quot;jet_parallax_layout_list&quot;:[],&quot;background_background&quot;:&quot;classic&quot;}\" href=\"https:\/\/pdmgifts.com\/es\/serveis\/productos-promocionales-para-bodegas\/\">\n\t\t\t\t<div class=\"elementor-element elementor-element-ab224e8 elementor-widget elementor-widget-image\" data-id=\"ab224e8\" data-element_type=\"widget\" data-e-type=\"widget\" data-widget_type=\"image.default\">\n\t\t\t\t<div class=\"elementor-widget-container\">\n\t\t\t\t\t\t\t\t\t\t\t\t\t\t\t<img loading=\"lazy\" decoding=\"async\" width=\"550\" height=\"550\" src=\"https:\/\/pdmgifts.com\/wp-content\/uploads\/2023\/09\/BODEGAS.jpg\" class=\"attachment-full size-full wp-image-1716\" alt=\"porta copas de vino, productos para bodegas\" srcset=\"https:\/\/pdmgifts.com\/wp-content\/uploads\/2023\/09\/BODEGAS.jpg 550w, https:\/\/pdmgifts.com\/wp-content\/uploads\/2023\/09\/BODEGAS-300x300.jpg 300w, https:\/\/pdmgifts.com\/wp-content\/uploads\/2023\/09\/BODEGAS-150x150.jpg 150w\" sizes=\"(max-width: 550px) 100vw, 550px\" title=\"\">\t\t\t\t\t\t\t\t\t\t\t\t\t\t\t<\/div>\n\t\t\t\t<\/div>\n\t\t\t\t<div class=\"elementor-element elementor-element-f6a5dc6 elementor-widget elementor-widget-heading\" data-id=\"f6a5dc6\" data-element_type=\"widget\" data-e-type=\"widget\" data-widget_type=\"heading.default\">\n\t\t\t\t<div class=\"elementor-widget-container\">\n\t\t\t\t\t<h2 class=\"elementor-heading-title elementor-size-default\">Bodegas<\/h2>\t\t\t\t<\/div>\n\t\t\t\t<\/div>\n\t\t\t\t<div class=\"elementor-element elementor-element-a424cfa elementor-widget elementor-widget-text-editor\" data-id=\"a424cfa\" data-element_type=\"widget\" data-e-type=\"widget\" data-widget_type=\"text-editor.default\">\n\t\t\t\t<div class=\"elementor-widget-container\">\n\t\t\t\t\t\t\t\t\tEn el competitivo mundo de la promoci\u00f3n y publicidad, nuestra empresa destaca como un referente en la industria al ofrecer soluciones personalizadas y creativas para bodegas y establecimientos gastron\u00f3micos. Con una amplia experiencia en el mercado y una gama diversa de productos, nos enorgullecemos de ser el aliado ideal para impulsar la visibilidad de marcas y generar impacto en la mente de los consumidores. Descubre c\u00f3mo nuestra dedicaci\u00f3n a la calidad, el dise\u00f1o y la funcionalidad nos convierte en la elecci\u00f3n perfecta para potenciar tu estrategia de promoci\u00f3n.\t\t\t\t\t\t\t\t<\/div>\n\t\t\t\t<\/div>\n\t\t\t\t<\/a>\n\t\t\t\t<\/div>\n\t\t<\/div><\/div><\/div>\t\t\t\t<\/div>\n\t\t\t\t<\/div>\n\t\t\t\t<\/div>\n\t\t\t\t\t<\/div>\n\t\t\t\t<\/div>\n\t\t\t\t<\/div>\n\t\t","protected":false},"excerpt":{"rendered":"<p>BODEGAS No data was found<\/p>\n","protected":false},"author":1,"featured_media":0,"parent":0,"menu_order":0,"comment_status":"closed","ping_status":"closed","template":"","meta":{"footnotes":""},"class_list":["post-1126","page","type-page","status-publish","hentry"],"_links":{"self":[{"href":"https:\/\/pdmgifts.com\/es\/wp-json\/wp\/v2\/pages\/1126","targetHints":{"allow":["GET"]}}],"collection":[{"href":"https:\/\/pdmgifts.com\/es\/wp-json\/wp\/v2\/pages"}],"about":[{"href":"https:\/\/pdmgifts.com\/es\/wp-json\/wp\/v2\/types\/page"}],"author":[{"embeddable":true,"href":"https:\/\/pdmgifts.com\/es\/wp-json\/wp\/v2\/users\/1"}],"replies":[{"embeddable":true,"href":"https:\/\/pdmgifts.com\/es\/wp-json\/wp\/v2\/comments?post=1126"}],"version-history":[{"count":17,"href":"https:\/\/pdmgifts.com\/es\/wp-json\/wp\/v2\/pages\/1126\/revisions"}],"predecessor-version":[{"id":4330,"href":"https:\/\/pdmgifts.com\/es\/wp-json\/wp\/v2\/pages\/1126\/revisions\/4330"}],"wp:attachment":[{"href":"https:\/\/pdmgifts.com\/es\/wp-json\/wp\/v2\/media?parent=1126"}],"curies":[{"name":"wp","href":"https:\/\/api.w.org\/{rel}","templated":true}]}}