{"id":1101,"date":"2023-09-08T19:08:15","date_gmt":"2023-09-08T17:08:15","guid":{"rendered":"https:\/\/pdmgifts.com\/textil-promocional\/"},"modified":"2026-03-01T12:55:26","modified_gmt":"2026-03-01T11:55:26","slug":"textil-promocional","status":"publish","type":"page","link":"https:\/\/pdmgifts.com\/es\/textil-promocional\/","title":{"rendered":"Textil promocional"},"content":{"rendered":"\t\t<div data-elementor-type=\"wp-page\" data-elementor-id=\"1101\" class=\"elementor elementor-1101 elementor-1099\" data-elementor-post-type=\"page\">\n\t\t\t\t<div class=\"elementor-element elementor-element-8afbd37 e-flex e-con-boxed e-con e-parent\" data-id=\"8afbd37\" data-element_type=\"container\" data-e-type=\"container\" data-settings=\"{&quot;jet_parallax_layout_list&quot;:[]}\">\n\t\t\t\t\t<div class=\"e-con-inner\">\n\t\t<div class=\"elementor-element elementor-element-6a332cd e-con-full e-flex e-con e-child\" data-id=\"6a332cd\" data-element_type=\"container\" data-e-type=\"container\" data-settings=\"{&quot;jet_parallax_layout_list&quot;:[]}\">\n\t\t\t\t<div class=\"elementor-element elementor-element-37631fa elementor-widget elementor-widget-heading\" data-id=\"37631fa\" data-element_type=\"widget\" data-e-type=\"widget\" data-widget_type=\"heading.default\">\n\t\t\t\t<div class=\"elementor-widget-container\">\n\t\t\t\t\t<h2 class=\"elementor-heading-title elementor-size-default\">TEXTIL PROMOCIONAL<\/h2>\t\t\t\t<\/div>\n\t\t\t\t<\/div>\n\t\t\t\t<div class=\"elementor-element elementor-element-ceeadd2 elementor-widget elementor-widget-jet-listing-grid\" data-id=\"ceeadd2\" data-element_type=\"widget\" data-e-type=\"widget\" data-settings=\"{&quot;columns&quot;:&quot;3&quot;,&quot;columns_tablet&quot;:&quot;2&quot;,&quot;columns_mobile&quot;:&quot;1&quot;}\" data-widget_type=\"jet-listing-grid.default\">\n\t\t\t\t<div class=\"elementor-widget-container\">\n\t\t\t\t\t<div class=\"jet-listing-grid jet-listing\"><div class=\"jet-listing-grid__items grid-col-desk-3 grid-col-tablet-2 grid-col-mobile-1 jet-listing-grid--1296 jet-listing-grid__masonry\" data-masonry-grid-options=\"{&quot;columns&quot;:{&quot;desktop&quot;:3,&quot;tablet&quot;:2,&quot;mobile&quot;:1}}\" data-queried-id=\"1101|WP_Post\" data-nav=\"{&quot;enabled&quot;:false,&quot;type&quot;:null,&quot;more_el&quot;:null,&quot;query&quot;:[],&quot;widget_settings&quot;:{&quot;lisitng_id&quot;:1296,&quot;posts_num&quot;:999,&quot;columns&quot;:3,&quot;columns_tablet&quot;:2,&quot;columns_mobile&quot;:1,&quot;column_min_width&quot;:240,&quot;column_min_width_tablet&quot;:240,&quot;column_min_width_mobile&quot;:240,&quot;inline_columns_css&quot;:false,&quot;is_archive_template&quot;:&quot;&quot;,&quot;post_status&quot;:[&quot;publish&quot;],&quot;use_random_posts_num&quot;:&quot;&quot;,&quot;max_posts_num&quot;:9,&quot;not_found_message&quot;:&quot;No data was found&quot;,&quot;is_masonry&quot;:true,&quot;equal_columns_height&quot;:&quot;&quot;,&quot;use_load_more&quot;:&quot;&quot;,&quot;load_more_id&quot;:&quot;&quot;,&quot;load_more_type&quot;:&quot;click&quot;,&quot;load_more_offset&quot;:{&quot;unit&quot;:&quot;px&quot;,&quot;size&quot;:0,&quot;sizes&quot;:[]},&quot;use_custom_post_types&quot;:&quot;&quot;,&quot;custom_post_types&quot;:[],&quot;hide_widget_if&quot;:&quot;&quot;,&quot;carousel_enabled&quot;:&quot;&quot;,&quot;slides_to_scroll&quot;:&quot;1&quot;,&quot;arrows&quot;:&quot;true&quot;,&quot;arrow_icon&quot;:&quot;fa fa-angle-left&quot;,&quot;dots&quot;:&quot;&quot;,&quot;autoplay&quot;:&quot;true&quot;,&quot;pause_on_hover&quot;:&quot;true&quot;,&quot;autoplay_speed&quot;:5000,&quot;infinite&quot;:&quot;true&quot;,&quot;center_mode&quot;:&quot;&quot;,&quot;effect&quot;:&quot;slide&quot;,&quot;speed&quot;:500,&quot;inject_alternative_items&quot;:&quot;&quot;,&quot;injection_items&quot;:[],&quot;scroll_slider_enabled&quot;:&quot;&quot;,&quot;scroll_slider_on&quot;:[&quot;desktop&quot;,&quot;tablet&quot;,&quot;mobile&quot;],&quot;custom_query&quot;:false,&quot;custom_query_id&quot;:&quot;&quot;,&quot;_element_id&quot;:&quot;&quot;,&quot;collapse_first_last_gap&quot;:false,&quot;list_tag_selection&quot;:&quot;&quot;,&quot;list_items_wrapper_tag&quot;:&quot;div&quot;,&quot;list_item_tag&quot;:&quot;div&quot;,&quot;empty_items_wrapper_tag&quot;:&quot;div&quot;}}\" data-page=\"1\" data-pages=\"1\" data-listing-source=\"posts\" data-listing-id=\"1296\" data-query-id=\"\"><div class=\"jet-listing-grid__item jet-listing-dynamic-post-4005\" data-post-id=\"4005\"  >\t\t<div data-elementor-type=\"jet-listing-items\" data-elementor-id=\"1296\" class=\"elementor elementor-1296 elementor-1063 elementor-1063\" data-elementor-post-type=\"jet-engine\">\n\t\t\t\t<a class=\"elementor-element elementor-element-4728787 e-con-full e-flex e-con e-parent\" data-id=\"4728787\" data-element_type=\"container\" data-e-type=\"container\" data-settings=\"{&quot;jet_parallax_layout_list&quot;:[],&quot;background_background&quot;:&quot;classic&quot;}\" href=\"https:\/\/pdmgifts.com\/es\/serveis\/muestras-gratuitas-de-textil-promocional\/\">\n\t\t\t\t<div class=\"elementor-element elementor-element-ab224e8 elementor-widget elementor-widget-image\" data-id=\"ab224e8\" data-element_type=\"widget\" data-e-type=\"widget\" data-widget_type=\"image.default\">\n\t\t\t\t<div class=\"elementor-widget-container\">\n\t\t\t\t\t\t\t\t\t\t\t\t\t\t\t<img fetchpriority=\"high\" decoding=\"async\" width=\"550\" height=\"550\" src=\"https:\/\/pdmgifts.com\/wp-content\/uploads\/2026\/01\/muestras-gratis-5.jpg\" class=\"attachment-full size-full wp-image-4009\" alt=\"muestras-gratis-regalos-promocionales\" srcset=\"https:\/\/pdmgifts.com\/wp-content\/uploads\/2026\/01\/muestras-gratis-5.jpg 550w, https:\/\/pdmgifts.com\/wp-content\/uploads\/2026\/01\/muestras-gratis-5-300x300.jpg 300w, https:\/\/pdmgifts.com\/wp-content\/uploads\/2026\/01\/muestras-gratis-5-150x150.jpg 150w\" sizes=\"(max-width: 550px) 100vw, 550px\" title=\"\">\t\t\t\t\t\t\t\t\t\t\t\t\t\t\t<\/div>\n\t\t\t\t<\/div>\n\t\t\t\t<div class=\"elementor-element elementor-element-f6a5dc6 elementor-widget elementor-widget-heading\" data-id=\"f6a5dc6\" data-element_type=\"widget\" data-e-type=\"widget\" data-widget_type=\"heading.default\">\n\t\t\t\t<div class=\"elementor-widget-container\">\n\t\t\t\t\t<h2 class=\"elementor-heading-title elementor-size-default\">Muestras gratuitas de textil promocional<\/h2>\t\t\t\t<\/div>\n\t\t\t\t<\/div>\n\t\t\t\t<div class=\"elementor-element elementor-element-a424cfa elementor-widget elementor-widget-text-editor\" data-id=\"a424cfa\" data-element_type=\"widget\" data-e-type=\"widget\" data-widget_type=\"text-editor.default\">\n\t\t\t\t<div class=\"elementor-widget-container\">\n\t\t\t\t\t\t\t\t\tSolicita hasta 5 muestras de nuestros catalogos de textil promocional y publicidad. Recibe tu propuesta digital en PDF con el dise\u00f1o final con tu logotipo. El coste de las muestras se descuenta \u00edntegramente.\t\t\t\t\t\t\t\t<\/div>\n\t\t\t\t<\/div>\n\t\t\t\t<\/a>\n\t\t\t\t<\/div>\n\t\t<\/div><div class=\"jet-listing-grid__item jet-listing-dynamic-post-3904\" data-post-id=\"3904\"  >\t\t<div data-elementor-type=\"jet-listing-items\" data-elementor-id=\"1296\" class=\"elementor elementor-1296 elementor-1063 elementor-1063\" data-elementor-post-type=\"jet-engine\">\n\t\t\t\t<a class=\"elementor-element elementor-element-4728787 e-con-full e-flex e-con e-parent\" data-id=\"4728787\" data-element_type=\"container\" data-e-type=\"container\" data-settings=\"{&quot;jet_parallax_layout_list&quot;:[],&quot;background_background&quot;:&quot;classic&quot;}\" href=\"https:\/\/pdmgifts.com\/es\/serveis\/textil-promocional-en-barcelona\/\">\n\t\t\t\t<div class=\"elementor-element elementor-element-ab224e8 elementor-widget elementor-widget-image\" data-id=\"ab224e8\" data-element_type=\"widget\" data-e-type=\"widget\" data-widget_type=\"image.default\">\n\t\t\t\t<div class=\"elementor-widget-container\">\n\t\t\t\t\t\t\t\t\t\t\t\t\t\t\t<img decoding=\"async\" width=\"550\" height=\"550\" src=\"https:\/\/pdmgifts.com\/wp-content\/uploads\/2025\/11\/textil-samarreta-fubol-estampacio-barcelona.jpg\" class=\"attachment-full size-full wp-image-3905\" alt=\"estampaci\u00f3n de camisetas de futbol para equipos\" srcset=\"https:\/\/pdmgifts.com\/wp-content\/uploads\/2025\/11\/textil-samarreta-fubol-estampacio-barcelona.jpg 550w, https:\/\/pdmgifts.com\/wp-content\/uploads\/2025\/11\/textil-samarreta-fubol-estampacio-barcelona-300x300.jpg 300w, https:\/\/pdmgifts.com\/wp-content\/uploads\/2025\/11\/textil-samarreta-fubol-estampacio-barcelona-150x150.jpg 150w\" sizes=\"(max-width: 550px) 100vw, 550px\" title=\"\">\t\t\t\t\t\t\t\t\t\t\t\t\t\t\t<\/div>\n\t\t\t\t<\/div>\n\t\t\t\t<div class=\"elementor-element elementor-element-f6a5dc6 elementor-widget elementor-widget-heading\" data-id=\"f6a5dc6\" data-element_type=\"widget\" data-e-type=\"widget\" data-widget_type=\"heading.default\">\n\t\t\t\t<div class=\"elementor-widget-container\">\n\t\t\t\t\t<h2 class=\"elementor-heading-title elementor-size-default\">Textil promocional Barcelona<\/h2>\t\t\t\t<\/div>\n\t\t\t\t<\/div>\n\t\t\t\t<div class=\"elementor-element elementor-element-a424cfa elementor-widget elementor-widget-text-editor\" data-id=\"a424cfa\" data-element_type=\"widget\" data-e-type=\"widget\" data-widget_type=\"text-editor.default\">\n\t\t\t\t<div class=\"elementor-widget-container\">\n\t\t\t\t\t\t\t\t\tTextil promocional personalizado: Camisetas, sudaderas, toallas, polos, parasoles. Estampaci\u00f3n con tu marca, servicio r\u00e1pido en Barcelona y provincia\t\t\t\t\t\t\t\t<\/div>\n\t\t\t\t<\/div>\n\t\t\t\t<\/a>\n\t\t\t\t<\/div>\n\t\t<\/div><div class=\"jet-listing-grid__item jet-listing-dynamic-post-3855\" data-post-id=\"3855\"  >\t\t<div data-elementor-type=\"jet-listing-items\" data-elementor-id=\"1296\" class=\"elementor elementor-1296 elementor-1063 elementor-1063\" data-elementor-post-type=\"jet-engine\">\n\t\t\t\t<a class=\"elementor-element elementor-element-4728787 e-con-full e-flex e-con e-parent\" data-id=\"4728787\" data-element_type=\"container\" data-e-type=\"container\" data-settings=\"{&quot;jet_parallax_layout_list&quot;:[],&quot;background_background&quot;:&quot;classic&quot;}\" href=\"https:\/\/pdmgifts.com\/es\/serveis\/textil-promocional-en-sitges\/\">\n\t\t\t\t<div class=\"elementor-element elementor-element-ab224e8 elementor-widget elementor-widget-image\" data-id=\"ab224e8\" data-element_type=\"widget\" data-e-type=\"widget\" data-widget_type=\"image.default\">\n\t\t\t\t<div class=\"elementor-widget-container\">\n\t\t\t\t\t\t\t\t\t\t\t\t\t\t\t<img decoding=\"async\" width=\"550\" height=\"550\" src=\"https:\/\/pdmgifts.com\/wp-content\/uploads\/2025\/10\/sudadera-personalizada.jpg\" class=\"attachment-full size-full wp-image-3856\" alt=\"Sudadera estampacion\" srcset=\"https:\/\/pdmgifts.com\/wp-content\/uploads\/2025\/10\/sudadera-personalizada.jpg 550w, https:\/\/pdmgifts.com\/wp-content\/uploads\/2025\/10\/sudadera-personalizada-300x300.jpg 300w, https:\/\/pdmgifts.com\/wp-content\/uploads\/2025\/10\/sudadera-personalizada-150x150.jpg 150w\" sizes=\"(max-width: 550px) 100vw, 550px\" title=\"\">\t\t\t\t\t\t\t\t\t\t\t\t\t\t\t<\/div>\n\t\t\t\t<\/div>\n\t\t\t\t<div class=\"elementor-element elementor-element-f6a5dc6 elementor-widget elementor-widget-heading\" data-id=\"f6a5dc6\" data-element_type=\"widget\" data-e-type=\"widget\" data-widget_type=\"heading.default\">\n\t\t\t\t<div class=\"elementor-widget-container\">\n\t\t\t\t\t<h2 class=\"elementor-heading-title elementor-size-default\">Textil promocional en Sitges<\/h2>\t\t\t\t<\/div>\n\t\t\t\t<\/div>\n\t\t\t\t<div class=\"elementor-element elementor-element-a424cfa elementor-widget elementor-widget-text-editor\" data-id=\"a424cfa\" data-element_type=\"widget\" data-e-type=\"widget\" data-widget_type=\"text-editor.default\">\n\t\t\t\t<div class=\"elementor-widget-container\">\n\t\t\t\t\t\t\t\t\tTextil promocional personalizado: Camisetas, sudaderas, toallas, polos, parasoles. Estampaci\u00f3n con tu marca, servicio r\u00e1pido en Sitges y sus alrededores\t\t\t\t\t\t\t\t<\/div>\n\t\t\t\t<\/div>\n\t\t\t\t<\/a>\n\t\t\t\t<\/div>\n\t\t<\/div><div class=\"jet-listing-grid__item jet-listing-dynamic-post-3845\" data-post-id=\"3845\"  >\t\t<div data-elementor-type=\"jet-listing-items\" data-elementor-id=\"1296\" class=\"elementor elementor-1296 elementor-1063 elementor-1063\" data-elementor-post-type=\"jet-engine\">\n\t\t\t\t<a class=\"elementor-element elementor-element-4728787 e-con-full e-flex e-con e-parent\" data-id=\"4728787\" data-element_type=\"container\" data-e-type=\"container\" data-settings=\"{&quot;jet_parallax_layout_list&quot;:[],&quot;background_background&quot;:&quot;classic&quot;}\" href=\"https:\/\/pdmgifts.com\/es\/serveis\/textil-promocional-vilanova-i-la-geltru\/\">\n\t\t\t\t<div class=\"elementor-element elementor-element-ab224e8 elementor-widget elementor-widget-image\" data-id=\"ab224e8\" data-element_type=\"widget\" data-e-type=\"widget\" data-widget_type=\"image.default\">\n\t\t\t\t<div class=\"elementor-widget-container\">\n\t\t\t\t\t\t\t\t\t\t\t\t\t\t\t<img loading=\"lazy\" decoding=\"async\" width=\"550\" height=\"550\" src=\"https:\/\/pdmgifts.com\/wp-content\/uploads\/2025\/10\/estampacion-polo.jpg\" class=\"attachment-full size-full wp-image-3846\" alt=\"\" srcset=\"https:\/\/pdmgifts.com\/wp-content\/uploads\/2025\/10\/estampacion-polo.jpg 550w, https:\/\/pdmgifts.com\/wp-content\/uploads\/2025\/10\/estampacion-polo-300x300.jpg 300w, https:\/\/pdmgifts.com\/wp-content\/uploads\/2025\/10\/estampacion-polo-150x150.jpg 150w\" sizes=\"(max-width: 550px) 100vw, 550px\" title=\"\">\t\t\t\t\t\t\t\t\t\t\t\t\t\t\t<\/div>\n\t\t\t\t<\/div>\n\t\t\t\t<div class=\"elementor-element elementor-element-f6a5dc6 elementor-widget elementor-widget-heading\" data-id=\"f6a5dc6\" data-element_type=\"widget\" data-e-type=\"widget\" data-widget_type=\"heading.default\">\n\t\t\t\t<div class=\"elementor-widget-container\">\n\t\t\t\t\t<h2 class=\"elementor-heading-title elementor-size-default\">Textil promocional Vilanova i la Geltr\u00fa<\/h2>\t\t\t\t<\/div>\n\t\t\t\t<\/div>\n\t\t\t\t<div class=\"elementor-element elementor-element-a424cfa elementor-widget elementor-widget-text-editor\" data-id=\"a424cfa\" data-element_type=\"widget\" data-e-type=\"widget\" data-widget_type=\"text-editor.default\">\n\t\t\t\t<div class=\"elementor-widget-container\">\n\t\t\t\t\t\t\t\t\tTextil promocional personalizado: Camisetas, sudaderas, toallas, polos, parasoles. Estampaci\u00f3n con tu marca, servicio r\u00e1pido en Vilafranca i la Geltr\u00fa y sus alrededores\t\t\t\t\t\t\t\t<\/div>\n\t\t\t\t<\/div>\n\t\t\t\t<\/a>\n\t\t\t\t<\/div>\n\t\t<\/div><div class=\"jet-listing-grid__item jet-listing-dynamic-post-3806\" data-post-id=\"3806\"  >\t\t<div data-elementor-type=\"jet-listing-items\" data-elementor-id=\"1296\" class=\"elementor elementor-1296 elementor-1063 elementor-1063\" data-elementor-post-type=\"jet-engine\">\n\t\t\t\t<a class=\"elementor-element elementor-element-4728787 e-con-full e-flex e-con e-parent\" data-id=\"4728787\" data-element_type=\"container\" data-e-type=\"container\" data-settings=\"{&quot;jet_parallax_layout_list&quot;:[],&quot;background_background&quot;:&quot;classic&quot;}\" href=\"https:\/\/pdmgifts.com\/es\/serveis\/textil-promocional-en-vilafranca-del-penedes\/\">\n\t\t\t\t<div class=\"elementor-element elementor-element-ab224e8 elementor-widget elementor-widget-image\" data-id=\"ab224e8\" data-element_type=\"widget\" data-e-type=\"widget\" data-widget_type=\"image.default\">\n\t\t\t\t<div class=\"elementor-widget-container\">\n\t\t\t\t\t\t\t\t\t\t\t\t\t\t\t<img loading=\"lazy\" decoding=\"async\" width=\"550\" height=\"550\" src=\"https:\/\/pdmgifts.com\/wp-content\/uploads\/2025\/07\/toallas-personalizadas.jpg\" class=\"attachment-full size-full wp-image-3841\" alt=\"\" srcset=\"https:\/\/pdmgifts.com\/wp-content\/uploads\/2025\/07\/toallas-personalizadas.jpg 550w, https:\/\/pdmgifts.com\/wp-content\/uploads\/2025\/07\/toallas-personalizadas-300x300.jpg 300w, https:\/\/pdmgifts.com\/wp-content\/uploads\/2025\/07\/toallas-personalizadas-150x150.jpg 150w\" sizes=\"(max-width: 550px) 100vw, 550px\" title=\"\">\t\t\t\t\t\t\t\t\t\t\t\t\t\t\t<\/div>\n\t\t\t\t<\/div>\n\t\t\t\t<div class=\"elementor-element elementor-element-f6a5dc6 elementor-widget elementor-widget-heading\" data-id=\"f6a5dc6\" data-element_type=\"widget\" data-e-type=\"widget\" data-widget_type=\"heading.default\">\n\t\t\t\t<div class=\"elementor-widget-container\">\n\t\t\t\t\t<h2 class=\"elementor-heading-title elementor-size-default\">Textil promocional en Vilafranca del Pened\u00e8s<\/h2>\t\t\t\t<\/div>\n\t\t\t\t<\/div>\n\t\t\t\t<div class=\"elementor-element elementor-element-a424cfa elementor-widget elementor-widget-text-editor\" data-id=\"a424cfa\" data-element_type=\"widget\" data-e-type=\"widget\" data-widget_type=\"text-editor.default\">\n\t\t\t\t<div class=\"elementor-widget-container\">\n\t\t\t\t\t\t\t\t\tTextil promocional personalizado: Camisetas, sudaderas, toallas, polos, parasoles. Estampaci\u00f3n con tu marca, servicio r\u00e1pido en Vilafranca del Pened\u00e8s y sus alrededores\t\t\t\t\t\t\t\t<\/div>\n\t\t\t\t<\/div>\n\t\t\t\t<\/a>\n\t\t\t\t<\/div>\n\t\t<\/div><div class=\"jet-listing-grid__item jet-listing-dynamic-post-3505\" data-post-id=\"3505\"  >\t\t<div data-elementor-type=\"jet-listing-items\" data-elementor-id=\"1296\" class=\"elementor elementor-1296 elementor-1063 elementor-1063\" data-elementor-post-type=\"jet-engine\">\n\t\t\t\t<a class=\"elementor-element elementor-element-4728787 e-con-full e-flex e-con e-parent\" data-id=\"4728787\" data-element_type=\"container\" data-e-type=\"container\" data-settings=\"{&quot;jet_parallax_layout_list&quot;:[],&quot;background_background&quot;:&quot;classic&quot;}\" href=\"https:\/\/pdmgifts.com\/es\/serveis\/textilpromocional-camisetas-personalizas-en-vilafranca\/\">\n\t\t\t\t<div class=\"elementor-element elementor-element-ab224e8 elementor-widget elementor-widget-image\" data-id=\"ab224e8\" data-element_type=\"widget\" data-e-type=\"widget\" data-widget_type=\"image.default\">\n\t\t\t\t<div class=\"elementor-widget-container\">\n\t\t\t\t\t\t\t\t\t\t\t\t\t\t\t<img loading=\"lazy\" decoding=\"async\" width=\"550\" height=\"550\" src=\"https:\/\/pdmgifts.com\/wp-content\/uploads\/2025\/06\/camiseta-montrubi.jpg\" class=\"attachment-full size-full wp-image-3583\" alt=\"camiseta montrub\u00ed\" srcset=\"https:\/\/pdmgifts.com\/wp-content\/uploads\/2025\/06\/camiseta-montrubi.jpg 550w, https:\/\/pdmgifts.com\/wp-content\/uploads\/2025\/06\/camiseta-montrubi-300x300.jpg 300w, https:\/\/pdmgifts.com\/wp-content\/uploads\/2025\/06\/camiseta-montrubi-150x150.jpg 150w\" sizes=\"(max-width: 550px) 100vw, 550px\" title=\"\">\t\t\t\t\t\t\t\t\t\t\t\t\t\t\t<\/div>\n\t\t\t\t<\/div>\n\t\t\t\t<div class=\"elementor-element elementor-element-f6a5dc6 elementor-widget elementor-widget-heading\" data-id=\"f6a5dc6\" data-element_type=\"widget\" data-e-type=\"widget\" data-widget_type=\"heading.default\">\n\t\t\t\t<div class=\"elementor-widget-container\">\n\t\t\t\t\t<h2 class=\"elementor-heading-title elementor-size-default\">Camisetas personalizas en Vilafranca, Vilanova, Sitges, El Vendrell<\/h2>\t\t\t\t<\/div>\n\t\t\t\t<\/div>\n\t\t\t\t<div class=\"elementor-element elementor-element-a424cfa elementor-widget elementor-widget-text-editor\" data-id=\"a424cfa\" data-element_type=\"widget\" data-e-type=\"widget\" data-widget_type=\"text-editor.default\">\n\t\t\t\t<div class=\"elementor-widget-container\">\n\t\t\t\t\t\t\t\t\tSi buscas camisetas personalizadas en Vilafranca, Vilanova, Sitges o El Vendrell, en nuestro taller realizamos estampaci\u00f3n propia con los mejores acabados y materiales de calidad. Trabajamos con empresas, pe\u00f1as, asociaciones, colegios, clubs de futbol, eventos deportivos y cualquier persona que necesite camisetas \u00fanicas y exclusivas.\t\t\t\t\t\t\t\t<\/div>\n\t\t\t\t<\/div>\n\t\t\t\t<\/a>\n\t\t\t\t<\/div>\n\t\t<\/div><div class=\"jet-listing-grid__item jet-listing-dynamic-post-2404\" data-post-id=\"2404\"  >\t\t<div data-elementor-type=\"jet-listing-items\" data-elementor-id=\"1296\" class=\"elementor elementor-1296 elementor-1063 elementor-1063\" data-elementor-post-type=\"jet-engine\">\n\t\t\t\t<a class=\"elementor-element elementor-element-4728787 e-con-full e-flex e-con e-parent\" data-id=\"4728787\" data-element_type=\"container\" data-e-type=\"container\" data-settings=\"{&quot;jet_parallax_layout_list&quot;:[],&quot;background_background&quot;:&quot;classic&quot;}\" href=\"https:\/\/pdmgifts.com\/es\/serveis\/textil-promocional-y-camisetas-con-imagen-de-empresa\/\">\n\t\t\t\t<div class=\"elementor-element elementor-element-ab224e8 elementor-widget elementor-widget-image\" data-id=\"ab224e8\" data-element_type=\"widget\" data-e-type=\"widget\" data-widget_type=\"image.default\">\n\t\t\t\t<div class=\"elementor-widget-container\">\n\t\t\t\t\t\t\t\t\t\t\t\t\t\t\t<img loading=\"lazy\" decoding=\"async\" width=\"550\" height=\"550\" src=\"https:\/\/pdmgifts.com\/wp-content\/uploads\/2023\/09\/textil-promocional-1.jpg\" class=\"attachment-full size-full wp-image-1710\" alt=\"camsietas serigrafiadas\" srcset=\"https:\/\/pdmgifts.com\/wp-content\/uploads\/2023\/09\/textil-promocional-1.jpg 550w, https:\/\/pdmgifts.com\/wp-content\/uploads\/2023\/09\/textil-promocional-1-300x300.jpg 300w, https:\/\/pdmgifts.com\/wp-content\/uploads\/2023\/09\/textil-promocional-1-150x150.jpg 150w\" sizes=\"(max-width: 550px) 100vw, 550px\" title=\"\">\t\t\t\t\t\t\t\t\t\t\t\t\t\t\t<\/div>\n\t\t\t\t<\/div>\n\t\t\t\t<div class=\"elementor-element elementor-element-f6a5dc6 elementor-widget elementor-widget-heading\" data-id=\"f6a5dc6\" data-element_type=\"widget\" data-e-type=\"widget\" data-widget_type=\"heading.default\">\n\t\t\t\t<div class=\"elementor-widget-container\">\n\t\t\t\t\t<h2 class=\"elementor-heading-title elementor-size-default\">Textil promocional<\/h2>\t\t\t\t<\/div>\n\t\t\t\t<\/div>\n\t\t\t\t<div class=\"elementor-element elementor-element-a424cfa elementor-widget elementor-widget-text-editor\" data-id=\"a424cfa\" data-element_type=\"widget\" data-e-type=\"widget\" data-widget_type=\"text-editor.default\">\n\t\t\t\t<div class=\"elementor-widget-container\">\n\t\t\t\t\t\t\t\t\tBienvenidos a nuestra empresa de distribuci\u00f3n de textil con taller de personalizaci\u00f3n, donde nos dedicamos a promocionar marcas corporativas a trav\u00e9s de una amplia gama de productos personalizables. Nuestro compromiso es ofrecer soluciones \u00fanicas y de calidad para destacar la identidad corporativa de cada empresa.\r\nNo pierda la oportunidad de promocionar su marca con nuestro textil personalizable de alta calidad. \u00a1Contacte con nosotros ahora mismo y descubra todas las opciones que tenemos para ofrecerle! Estamos listos para ayudarle a destacar y dejar una impresi\u00f3n duradera en sus clientes.\t\t\t\t\t\t\t\t<\/div>\n\t\t\t\t<\/div>\n\t\t\t\t<\/a>\n\t\t\t\t<\/div>\n\t\t<\/div><\/div><\/div>\t\t\t\t<\/div>\n\t\t\t\t<\/div>\n\t\t\t\t<\/div>\n\t\t\t\t\t<\/div>\n\t\t\t\t<\/div>\n\t\t\t\t<\/div>\n\t\t","protected":false},"excerpt":{"rendered":"<p>TEXTIL PROMOCIONAL No data was found<\/p>\n","protected":false},"author":1,"featured_media":0,"parent":0,"menu_order":0,"comment_status":"closed","ping_status":"closed","template":"","meta":{"footnotes":""},"class_list":["post-1101","page","type-page","status-publish","hentry"],"_links":{"self":[{"href":"https:\/\/pdmgifts.com\/es\/wp-json\/wp\/v2\/pages\/1101","targetHints":{"allow":["GET"]}}],"collection":[{"href":"https:\/\/pdmgifts.com\/es\/wp-json\/wp\/v2\/pages"}],"about":[{"href":"https:\/\/pdmgifts.com\/es\/wp-json\/wp\/v2\/types\/page"}],"author":[{"embeddable":true,"href":"https:\/\/pdmgifts.com\/es\/wp-json\/wp\/v2\/users\/1"}],"replies":[{"embeddable":true,"href":"https:\/\/pdmgifts.com\/es\/wp-json\/wp\/v2\/comments?post=1101"}],"version-history":[{"count":16,"href":"https:\/\/pdmgifts.com\/es\/wp-json\/wp\/v2\/pages\/1101\/revisions"}],"predecessor-version":[{"id":4337,"href":"https:\/\/pdmgifts.com\/es\/wp-json\/wp\/v2\/pages\/1101\/revisions\/4337"}],"wp:attachment":[{"href":"https:\/\/pdmgifts.com\/es\/wp-json\/wp\/v2\/media?parent=1101"}],"curies":[{"name":"wp","href":"https:\/\/api.w.org\/{rel}","templated":true}]}}