{"id":1055,"date":"2023-09-08T18:58:20","date_gmt":"2023-09-08T16:58:20","guid":{"rendered":"https:\/\/pdmgifts.com\/articles-personalitzats\/"},"modified":"2026-03-01T12:28:13","modified_gmt":"2026-03-01T11:28:13","slug":"articulos-personalizados","status":"publish","type":"page","link":"https:\/\/pdmgifts.com\/es\/articulos-personalizados\/","title":{"rendered":"Art\u00edculos personalizados"},"content":{"rendered":"\t\t<div data-elementor-type=\"wp-page\" data-elementor-id=\"1055\" class=\"elementor elementor-1055 elementor-1053\" data-elementor-post-type=\"page\">\n\t\t\t\t<div class=\"elementor-element elementor-element-9e69154 e-flex e-con-boxed e-con e-parent\" data-id=\"9e69154\" data-element_type=\"container\" data-e-type=\"container\" data-settings=\"{&quot;jet_parallax_layout_list&quot;:[]}\">\n\t\t\t\t\t<div class=\"e-con-inner\">\n\t\t<div class=\"elementor-element elementor-element-52ab072 e-con-full e-flex e-con e-child\" data-id=\"52ab072\" data-element_type=\"container\" data-e-type=\"container\" data-settings=\"{&quot;jet_parallax_layout_list&quot;:[]}\">\n\t\t\t\t<div class=\"elementor-element elementor-element-c50b3a1 elementor-widget elementor-widget-heading\" data-id=\"c50b3a1\" data-element_type=\"widget\" data-e-type=\"widget\" data-widget_type=\"heading.default\">\n\t\t\t\t<div class=\"elementor-widget-container\">\n\t\t\t\t\t<h2 class=\"elementor-heading-title elementor-size-default\">ART\u00cdCULOS PERSONALIZADOS<\/h2>\t\t\t\t<\/div>\n\t\t\t\t<\/div>\n\t\t\t\t<div class=\"elementor-element elementor-element-7a2c93d elementor-widget elementor-widget-jet-listing-grid\" data-id=\"7a2c93d\" data-element_type=\"widget\" data-e-type=\"widget\" data-settings=\"{&quot;columns&quot;:&quot;3&quot;,&quot;columns_tablet&quot;:&quot;2&quot;,&quot;columns_mobile&quot;:&quot;1&quot;}\" data-widget_type=\"jet-listing-grid.default\">\n\t\t\t\t<div class=\"elementor-widget-container\">\n\t\t\t\t\t<div class=\"jet-listing-grid jet-listing\"><div class=\"jet-listing-grid__items grid-col-desk-3 grid-col-tablet-2 grid-col-mobile-1 jet-listing-grid--1296 jet-listing-grid__masonry\" data-masonry-grid-options=\"{&quot;columns&quot;:{&quot;desktop&quot;:3,&quot;tablet&quot;:2,&quot;mobile&quot;:1}}\" data-queried-id=\"1055|WP_Post\" data-nav=\"{&quot;enabled&quot;:false,&quot;type&quot;:null,&quot;more_el&quot;:null,&quot;query&quot;:[],&quot;widget_settings&quot;:{&quot;lisitng_id&quot;:1296,&quot;posts_num&quot;:999,&quot;columns&quot;:3,&quot;columns_tablet&quot;:2,&quot;columns_mobile&quot;:1,&quot;column_min_width&quot;:240,&quot;column_min_width_tablet&quot;:240,&quot;column_min_width_mobile&quot;:240,&quot;inline_columns_css&quot;:false,&quot;is_archive_template&quot;:&quot;&quot;,&quot;post_status&quot;:[&quot;publish&quot;],&quot;use_random_posts_num&quot;:&quot;&quot;,&quot;max_posts_num&quot;:9,&quot;not_found_message&quot;:&quot;No data was found&quot;,&quot;is_masonry&quot;:true,&quot;equal_columns_height&quot;:&quot;&quot;,&quot;use_load_more&quot;:&quot;&quot;,&quot;load_more_id&quot;:&quot;&quot;,&quot;load_more_type&quot;:&quot;click&quot;,&quot;load_more_offset&quot;:{&quot;unit&quot;:&quot;px&quot;,&quot;size&quot;:0,&quot;sizes&quot;:[]},&quot;use_custom_post_types&quot;:&quot;&quot;,&quot;custom_post_types&quot;:[],&quot;hide_widget_if&quot;:&quot;&quot;,&quot;carousel_enabled&quot;:&quot;&quot;,&quot;slides_to_scroll&quot;:&quot;1&quot;,&quot;arrows&quot;:&quot;true&quot;,&quot;arrow_icon&quot;:&quot;fa fa-angle-left&quot;,&quot;dots&quot;:&quot;&quot;,&quot;autoplay&quot;:&quot;true&quot;,&quot;pause_on_hover&quot;:&quot;true&quot;,&quot;autoplay_speed&quot;:5000,&quot;infinite&quot;:&quot;true&quot;,&quot;center_mode&quot;:&quot;&quot;,&quot;effect&quot;:&quot;slide&quot;,&quot;speed&quot;:500,&quot;inject_alternative_items&quot;:&quot;&quot;,&quot;injection_items&quot;:[],&quot;scroll_slider_enabled&quot;:&quot;&quot;,&quot;scroll_slider_on&quot;:[&quot;desktop&quot;,&quot;tablet&quot;,&quot;mobile&quot;],&quot;custom_query&quot;:false,&quot;custom_query_id&quot;:&quot;&quot;,&quot;_element_id&quot;:&quot;&quot;,&quot;collapse_first_last_gap&quot;:false,&quot;list_tag_selection&quot;:&quot;&quot;,&quot;list_items_wrapper_tag&quot;:&quot;div&quot;,&quot;list_item_tag&quot;:&quot;div&quot;,&quot;empty_items_wrapper_tag&quot;:&quot;div&quot;}}\" data-page=\"1\" data-pages=\"1\" data-listing-source=\"posts\" data-listing-id=\"1296\" data-query-id=\"\"><div class=\"jet-listing-grid__item jet-listing-dynamic-post-4538\" data-post-id=\"4538\"  >\t\t<div data-elementor-type=\"jet-listing-items\" data-elementor-id=\"1296\" class=\"elementor elementor-1296 elementor-1063 elementor-1063\" data-elementor-post-type=\"jet-engine\">\n\t\t\t\t<a class=\"elementor-element elementor-element-4728787 e-con-full e-flex e-con e-parent\" data-id=\"4728787\" data-element_type=\"container\" data-e-type=\"container\" data-settings=\"{&quot;jet_parallax_layout_list&quot;:[],&quot;background_background&quot;:&quot;classic&quot;}\" href=\"https:\/\/pdmgifts.com\/es\/serveis\/cojines-personalizados-terrazas-que-triunfan-en-verano\/\">\n\t\t\t\t<div class=\"elementor-element elementor-element-ab224e8 elementor-widget elementor-widget-image\" data-id=\"ab224e8\" data-element_type=\"widget\" data-e-type=\"widget\" data-widget_type=\"image.default\">\n\t\t\t\t<div class=\"elementor-widget-container\">\n\t\t\t\t\t\t\t\t\t\t\t\t\t\t\t<img fetchpriority=\"high\" decoding=\"async\" width=\"550\" height=\"550\" src=\"https:\/\/pdmgifts.com\/wp-content\/uploads\/2025\/07\/parasol-personalizado.jpg\" class=\"attachment-full size-full wp-image-3837\" alt=\"\" srcset=\"https:\/\/pdmgifts.com\/wp-content\/uploads\/2025\/07\/parasol-personalizado.jpg 550w, https:\/\/pdmgifts.com\/wp-content\/uploads\/2025\/07\/parasol-personalizado-300x300.jpg 300w, https:\/\/pdmgifts.com\/wp-content\/uploads\/2025\/07\/parasol-personalizado-150x150.jpg 150w\" sizes=\"(max-width: 550px) 100vw, 550px\" title=\"\">\t\t\t\t\t\t\t\t\t\t\t\t\t\t\t<\/div>\n\t\t\t\t<\/div>\n\t\t\t\t<div class=\"elementor-element elementor-element-f6a5dc6 elementor-widget elementor-widget-heading\" data-id=\"f6a5dc6\" data-element_type=\"widget\" data-e-type=\"widget\" data-widget_type=\"heading.default\">\n\t\t\t\t<div class=\"elementor-widget-container\">\n\t\t\t\t\t<h2 class=\"elementor-heading-title elementor-size-default\">Cojines Personalizados: El Secreto de las Terrazas que Triunfan en Verano<\/h2>\t\t\t\t<\/div>\n\t\t\t\t<\/div>\n\t\t\t\t<div class=\"elementor-element elementor-element-a424cfa elementor-widget elementor-widget-text-editor\" data-id=\"a424cfa\" data-element_type=\"widget\" data-e-type=\"widget\" data-widget_type=\"text-editor.default\">\n\t\t\t\t<div class=\"elementor-widget-container\">\n\t\t\t\t\t\t\t\t\tEl verano est\u00e1 a la vuelta de la esquina y, en el mundo de la hosteler\u00eda, la primera impresi\u00f3n no se sirve en un plato; se siente al sentarse. Si gestionas un chiringuito de nivel, una zona VIP o una terraza urbana, sabes que la diferencia entre un cliente que se queda una hora y uno que pide otra botella del mejor cava o vino es el confort visual y f\u00edsico.\t\t\t\t\t\t\t\t<\/div>\n\t\t\t\t<\/div>\n\t\t\t\t<\/a>\n\t\t\t\t<\/div>\n\t\t<\/div><div class=\"jet-listing-grid__item jet-listing-dynamic-post-4216\" data-post-id=\"4216\"  >\t\t<div data-elementor-type=\"jet-listing-items\" data-elementor-id=\"1296\" class=\"elementor elementor-1296 elementor-1063 elementor-1063\" data-elementor-post-type=\"jet-engine\">\n\t\t\t\t<a class=\"elementor-element elementor-element-4728787 e-con-full e-flex e-con e-parent\" data-id=\"4728787\" data-element_type=\"container\" data-e-type=\"container\" data-settings=\"{&quot;jet_parallax_layout_list&quot;:[],&quot;background_background&quot;:&quot;classic&quot;}\" href=\"https:\/\/pdmgifts.com\/es\/serveis\/copas-cristal-personalizado-para-actos-institucionales-y-celebraciones\/\">\n\t\t\t\t<div class=\"elementor-element elementor-element-ab224e8 elementor-widget elementor-widget-image\" data-id=\"ab224e8\" data-element_type=\"widget\" data-e-type=\"widget\" data-widget_type=\"image.default\">\n\t\t\t\t<div class=\"elementor-widget-container\">\n\t\t\t\t\t\t\t\t\t\t\t\t\t\t\t<img decoding=\"async\" width=\"550\" height=\"550\" src=\"https:\/\/pdmgifts.com\/wp-content\/uploads\/2026\/02\/8-3.jpg\" class=\"attachment-full size-full wp-image-4235\" alt=\"\" srcset=\"https:\/\/pdmgifts.com\/wp-content\/uploads\/2026\/02\/8-3.jpg 550w, https:\/\/pdmgifts.com\/wp-content\/uploads\/2026\/02\/8-3-300x300.jpg 300w, https:\/\/pdmgifts.com\/wp-content\/uploads\/2026\/02\/8-3-150x150.jpg 150w\" sizes=\"(max-width: 550px) 100vw, 550px\" title=\"\">\t\t\t\t\t\t\t\t\t\t\t\t\t\t\t<\/div>\n\t\t\t\t<\/div>\n\t\t\t\t<div class=\"elementor-element elementor-element-f6a5dc6 elementor-widget elementor-widget-heading\" data-id=\"f6a5dc6\" data-element_type=\"widget\" data-e-type=\"widget\" data-widget_type=\"heading.default\">\n\t\t\t\t<div class=\"elementor-widget-container\">\n\t\t\t\t\t<h2 class=\"elementor-heading-title elementor-size-default\">Un brindis que perdura: cristal personalizado para actos institucionales y celebraciones<\/h2>\t\t\t\t<\/div>\n\t\t\t\t<\/div>\n\t\t\t\t<div class=\"elementor-element elementor-element-a424cfa elementor-widget elementor-widget-text-editor\" data-id=\"a424cfa\" data-element_type=\"widget\" data-e-type=\"widget\" data-widget_type=\"text-editor.default\">\n\t\t\t\t<div class=\"elementor-widget-container\">\n\t\t\t\t\t\t\t\t\tEn los encuentros colectivos, los recuerdos m\u00e1s valorados son aquellos que se usan y se conservan. En actos institucionales, cenas de celebraci\u00f3n o eventos de fin de temporada, una copa de cristal de vino o cava personalizada se convierte en un obsequio con significado.\t\t\t\t\t\t\t\t<\/div>\n\t\t\t\t<\/div>\n\t\t\t\t<\/a>\n\t\t\t\t<\/div>\n\t\t<\/div><div class=\"jet-listing-grid__item jet-listing-dynamic-post-4215\" data-post-id=\"4215\"  >\t\t<div data-elementor-type=\"jet-listing-items\" data-elementor-id=\"1296\" class=\"elementor elementor-1296 elementor-1063 elementor-1063\" data-elementor-post-type=\"jet-engine\">\n\t\t\t\t<a class=\"elementor-element elementor-element-4728787 e-con-full e-flex e-con e-parent\" data-id=\"4728787\" data-element_type=\"container\" data-e-type=\"container\" data-settings=\"{&quot;jet_parallax_layout_list&quot;:[],&quot;background_background&quot;:&quot;classic&quot;}\" href=\"https:\/\/pdmgifts.com\/es\/serveis\/copa-de-cristal-con-marca-en-evento\/\">\n\t\t\t\t<div class=\"elementor-element elementor-element-ab224e8 elementor-widget elementor-widget-image\" data-id=\"ab224e8\" data-element_type=\"widget\" data-e-type=\"widget\" data-widget_type=\"image.default\">\n\t\t\t\t<div class=\"elementor-widget-container\">\n\t\t\t\t\t\t\t\t\t\t\t\t\t\t\t<img decoding=\"async\" width=\"550\" height=\"550\" src=\"https:\/\/pdmgifts.com\/wp-content\/uploads\/2026\/02\/18.jpg\" class=\"attachment-full size-full wp-image-4255\" alt=\"\" srcset=\"https:\/\/pdmgifts.com\/wp-content\/uploads\/2026\/02\/18.jpg 550w, https:\/\/pdmgifts.com\/wp-content\/uploads\/2026\/02\/18-300x300.jpg 300w, https:\/\/pdmgifts.com\/wp-content\/uploads\/2026\/02\/18-150x150.jpg 150w\" sizes=\"(max-width: 550px) 100vw, 550px\" title=\"\">\t\t\t\t\t\t\t\t\t\t\t\t\t\t\t<\/div>\n\t\t\t\t<\/div>\n\t\t\t\t<div class=\"elementor-element elementor-element-f6a5dc6 elementor-widget elementor-widget-heading\" data-id=\"f6a5dc6\" data-element_type=\"widget\" data-e-type=\"widget\" data-widget_type=\"heading.default\">\n\t\t\t\t<div class=\"elementor-widget-container\">\n\t\t\t\t\t<h2 class=\"elementor-heading-title elementor-size-default\">Cristal que activa la memoria de marca en cada evento<\/h2>\t\t\t\t<\/div>\n\t\t\t\t<\/div>\n\t\t\t\t<div class=\"elementor-element elementor-element-a424cfa elementor-widget elementor-widget-text-editor\" data-id=\"a424cfa\" data-element_type=\"widget\" data-e-type=\"widget\" data-widget_type=\"text-editor.default\">\n\t\t\t\t<div class=\"elementor-widget-container\">\n\t\t\t\t\t\t\t\t\tEn la presentaci\u00f3n de un nuevo producto, los asistentes recuerdan mejor aquello que viven con los sentidos. Una copa de cristal de vino o cava personalizada no es solo un elemento funcional, es un soporte de experiencia que refuerza la imagen de marca desde el primer contacto.\t\t\t\t\t\t\t\t<\/div>\n\t\t\t\t<\/div>\n\t\t\t\t<\/a>\n\t\t\t\t<\/div>\n\t\t<\/div><div class=\"jet-listing-grid__item jet-listing-dynamic-post-4193\" data-post-id=\"4193\"  >\t\t<div data-elementor-type=\"jet-listing-items\" data-elementor-id=\"1296\" class=\"elementor elementor-1296 elementor-1063 elementor-1063\" data-elementor-post-type=\"jet-engine\">\n\t\t\t\t<a class=\"elementor-element elementor-element-4728787 e-con-full e-flex e-con e-parent\" data-id=\"4728787\" data-element_type=\"container\" data-e-type=\"container\" data-settings=\"{&quot;jet_parallax_layout_list&quot;:[],&quot;background_background&quot;:&quot;classic&quot;}\" href=\"https:\/\/pdmgifts.com\/es\/serveis\/recuerdo-de-boda-eterno\/\">\n\t\t\t\t<div class=\"elementor-element elementor-element-ab224e8 elementor-widget elementor-widget-image\" data-id=\"ab224e8\" data-element_type=\"widget\" data-e-type=\"widget\" data-widget_type=\"image.default\">\n\t\t\t\t<div class=\"elementor-widget-container\">\n\t\t\t\t\t\t\t\t\t\t\t\t\t\t\t<img loading=\"lazy\" decoding=\"async\" width=\"500\" height=\"500\" src=\"https:\/\/pdmgifts.com\/wp-content\/uploads\/2026\/02\/8-removebg-preview.png\" class=\"attachment-full size-full wp-image-4221\" alt=\"\" srcset=\"https:\/\/pdmgifts.com\/wp-content\/uploads\/2026\/02\/8-removebg-preview.png 500w, https:\/\/pdmgifts.com\/wp-content\/uploads\/2026\/02\/8-removebg-preview-300x300.png 300w, https:\/\/pdmgifts.com\/wp-content\/uploads\/2026\/02\/8-removebg-preview-150x150.png 150w\" sizes=\"(max-width: 500px) 100vw, 500px\" title=\"\">\t\t\t\t\t\t\t\t\t\t\t\t\t\t\t<\/div>\n\t\t\t\t<\/div>\n\t\t\t\t<div class=\"elementor-element elementor-element-f6a5dc6 elementor-widget elementor-widget-heading\" data-id=\"f6a5dc6\" data-element_type=\"widget\" data-e-type=\"widget\" data-widget_type=\"heading.default\">\n\t\t\t\t<div class=\"elementor-widget-container\">\n\t\t\t\t\t<h2 class=\"elementor-heading-title elementor-size-default\">Firmado por tu restaurante, un recuerdo eterno de tu boda. <\/h2>\t\t\t\t<\/div>\n\t\t\t\t<\/div>\n\t\t\t\t<div class=\"elementor-element elementor-element-a424cfa elementor-widget elementor-widget-text-editor\" data-id=\"a424cfa\" data-element_type=\"widget\" data-e-type=\"widget\" data-widget_type=\"text-editor.default\">\n\t\t\t\t<div class=\"elementor-widget-container\">\n\t\t\t\t\t\t\t\t\tDesde un restaurante, reconocer una boda es mucho m\u00e1s que ofrecer un buen servicio: es crear un recuerdo que los novios quieran conservar para siempre. Si deseas que tus clientes recuerden el lugar donde celebraron su boda cada vez que brindan, el regalo debe ser significativo, \u00fatil y emocional.\t\t\t\t\t\t\t\t<\/div>\n\t\t\t\t<\/div>\n\t\t\t\t<\/a>\n\t\t\t\t<\/div>\n\t\t<\/div><div class=\"jet-listing-grid__item jet-listing-dynamic-post-4191\" data-post-id=\"4191\"  >\t\t<div data-elementor-type=\"jet-listing-items\" data-elementor-id=\"1296\" class=\"elementor elementor-1296 elementor-1063 elementor-1063\" data-elementor-post-type=\"jet-engine\">\n\t\t\t\t<a class=\"elementor-element elementor-element-4728787 e-con-full e-flex e-con e-parent\" data-id=\"4728787\" data-element_type=\"container\" data-e-type=\"container\" data-settings=\"{&quot;jet_parallax_layout_list&quot;:[],&quot;background_background&quot;:&quot;classic&quot;}\" href=\"https:\/\/pdmgifts.com\/es\/serveis\/copas-de-cristal-bodas-de-oro\/\">\n\t\t\t\t<div class=\"elementor-element elementor-element-ab224e8 elementor-widget elementor-widget-image\" data-id=\"ab224e8\" data-element_type=\"widget\" data-e-type=\"widget\" data-widget_type=\"image.default\">\n\t\t\t\t<div class=\"elementor-widget-container\">\n\t\t\t\t\t\t\t\t\t\t\t\t\t\t\t<img loading=\"lazy\" decoding=\"async\" width=\"500\" height=\"500\" src=\"https:\/\/pdmgifts.com\/wp-content\/uploads\/2026\/02\/4.png\" class=\"attachment-full size-full wp-image-4151\" alt=\"\" srcset=\"https:\/\/pdmgifts.com\/wp-content\/uploads\/2026\/02\/4.png 500w, https:\/\/pdmgifts.com\/wp-content\/uploads\/2026\/02\/4-300x300.png 300w, https:\/\/pdmgifts.com\/wp-content\/uploads\/2026\/02\/4-150x150.png 150w\" sizes=\"(max-width: 500px) 100vw, 500px\" title=\"\">\t\t\t\t\t\t\t\t\t\t\t\t\t\t\t<\/div>\n\t\t\t\t<\/div>\n\t\t\t\t<div class=\"elementor-element elementor-element-f6a5dc6 elementor-widget elementor-widget-heading\" data-id=\"f6a5dc6\" data-element_type=\"widget\" data-e-type=\"widget\" data-widget_type=\"heading.default\">\n\t\t\t\t<div class=\"elementor-widget-container\">\n\t\t\t\t\t<h2 class=\"elementor-heading-title elementor-size-default\">Cristal que celebra una vida compartida, bodas 25-50 a\u00f1os<\/h2>\t\t\t\t<\/div>\n\t\t\t\t<\/div>\n\t\t\t\t<div class=\"elementor-element elementor-element-a424cfa elementor-widget elementor-widget-text-editor\" data-id=\"a424cfa\" data-element_type=\"widget\" data-e-type=\"widget\" data-widget_type=\"text-editor.default\">\n\t\t\t\t<div class=\"elementor-widget-container\">\n\t\t\t\t\t\t\t\t\tReconocer 25 o 50 a\u00f1os de matrimonio es pensar en lo que realmente representa una vida en com\u00fan. No se trata de lo ef\u00edmero, sino de aquello que ha demostrado valor con el paso del tiempo. El cristal, elegante y duradero, simboliza esa uni\u00f3n que se ha ido puliendo a\u00f1o tras a\u00f1o.\t\t\t\t\t\t\t\t<\/div>\n\t\t\t\t<\/div>\n\t\t\t\t<\/a>\n\t\t\t\t<\/div>\n\t\t<\/div><div class=\"jet-listing-grid__item jet-listing-dynamic-post-4189\" data-post-id=\"4189\"  >\t\t<div data-elementor-type=\"jet-listing-items\" data-elementor-id=\"1296\" class=\"elementor elementor-1296 elementor-1063 elementor-1063\" data-elementor-post-type=\"jet-engine\">\n\t\t\t\t<a class=\"elementor-element elementor-element-4728787 e-con-full e-flex e-con e-parent\" data-id=\"4728787\" data-element_type=\"container\" data-e-type=\"container\" data-settings=\"{&quot;jet_parallax_layout_list&quot;:[],&quot;background_background&quot;:&quot;classic&quot;}\" href=\"https:\/\/pdmgifts.com\/es\/serveis\/san-valentin-en-cristal-copas-y-vasos-grabados\/\">\n\t\t\t\t<div class=\"elementor-element elementor-element-ab224e8 elementor-widget elementor-widget-image\" data-id=\"ab224e8\" data-element_type=\"widget\" data-e-type=\"widget\" data-widget_type=\"image.default\">\n\t\t\t\t<div class=\"elementor-widget-container\">\n\t\t\t\t\t\t\t\t\t\t\t\t\t\t\t<img loading=\"lazy\" decoding=\"async\" width=\"1100\" height=\"1100\" src=\"https:\/\/pdmgifts.com\/wp-content\/uploads\/2026\/02\/6-2.jpg\" class=\"attachment-full size-full wp-image-4123\" alt=\"\" srcset=\"https:\/\/pdmgifts.com\/wp-content\/uploads\/2026\/02\/6-2.jpg 1100w, https:\/\/pdmgifts.com\/wp-content\/uploads\/2026\/02\/6-2-300x300.jpg 300w, https:\/\/pdmgifts.com\/wp-content\/uploads\/2026\/02\/6-2-1024x1024.jpg 1024w, https:\/\/pdmgifts.com\/wp-content\/uploads\/2026\/02\/6-2-150x150.jpg 150w, https:\/\/pdmgifts.com\/wp-content\/uploads\/2026\/02\/6-2-768x768.jpg 768w\" sizes=\"(max-width: 1100px) 100vw, 1100px\" title=\"\">\t\t\t\t\t\t\t\t\t\t\t\t\t\t\t<\/div>\n\t\t\t\t<\/div>\n\t\t\t\t<div class=\"elementor-element elementor-element-f6a5dc6 elementor-widget elementor-widget-heading\" data-id=\"f6a5dc6\" data-element_type=\"widget\" data-e-type=\"widget\" data-widget_type=\"heading.default\">\n\t\t\t\t<div class=\"elementor-widget-container\">\n\t\t\t\t\t<h2 class=\"elementor-heading-title elementor-size-default\">Regalos que cuentan una historia: San Valent\u00edn en cristal<\/h2>\t\t\t\t<\/div>\n\t\t\t\t<\/div>\n\t\t\t\t<div class=\"elementor-element elementor-element-a424cfa elementor-widget elementor-widget-text-editor\" data-id=\"a424cfa\" data-element_type=\"widget\" data-e-type=\"widget\" data-widget_type=\"text-editor.default\">\n\t\t\t\t<div class=\"elementor-widget-container\">\n\t\t\t\t\t\t\t\t\tElegir un regalo es, algo bello, \u00fatil y cargado de significado. En San Valent\u00edn, el cristal cumple con esas tres claves. Unas copas de vino o cava, un decantador elegante o unos vasos de dise\u00f1o no solo acompa\u00f1an momentos especiales, sino que los elevan. Son objetos que se usan, se miran y se recuerdan.\t\t\t\t\t\t\t\t<\/div>\n\t\t\t\t<\/div>\n\t\t\t\t<\/a>\n\t\t\t\t<\/div>\n\t\t<\/div><div class=\"jet-listing-grid__item jet-listing-dynamic-post-3562\" data-post-id=\"3562\"  >\t\t<div data-elementor-type=\"jet-listing-items\" data-elementor-id=\"1296\" class=\"elementor elementor-1296 elementor-1063 elementor-1063\" data-elementor-post-type=\"jet-engine\">\n\t\t\t\t<a class=\"elementor-element elementor-element-4728787 e-con-full e-flex e-con e-parent\" data-id=\"4728787\" data-element_type=\"container\" data-e-type=\"container\" data-settings=\"{&quot;jet_parallax_layout_list&quot;:[],&quot;background_background&quot;:&quot;classic&quot;}\" href=\"https:\/\/pdmgifts.com\/es\/serveis\/regalos-de-empresa-bandas-de-graduacion\/\">\n\t\t\t\t<div class=\"elementor-element elementor-element-ab224e8 elementor-widget elementor-widget-image\" data-id=\"ab224e8\" data-element_type=\"widget\" data-e-type=\"widget\" data-widget_type=\"image.default\">\n\t\t\t\t<div class=\"elementor-widget-container\">\n\t\t\t\t\t\t\t\t\t\t\t\t\t\t\t<img loading=\"lazy\" decoding=\"async\" width=\"550\" height=\"550\" src=\"https:\/\/pdmgifts.com\/wp-content\/uploads\/2025\/06\/bandagraduacion2.jpg\" class=\"attachment-full size-full wp-image-3569\" alt=\"banda graduacion\" srcset=\"https:\/\/pdmgifts.com\/wp-content\/uploads\/2025\/06\/bandagraduacion2.jpg 550w, https:\/\/pdmgifts.com\/wp-content\/uploads\/2025\/06\/bandagraduacion2-300x300.jpg 300w, https:\/\/pdmgifts.com\/wp-content\/uploads\/2025\/06\/bandagraduacion2-150x150.jpg 150w\" sizes=\"(max-width: 550px) 100vw, 550px\" title=\"\">\t\t\t\t\t\t\t\t\t\t\t\t\t\t\t<\/div>\n\t\t\t\t<\/div>\n\t\t\t\t<div class=\"elementor-element elementor-element-f6a5dc6 elementor-widget elementor-widget-heading\" data-id=\"f6a5dc6\" data-element_type=\"widget\" data-e-type=\"widget\" data-widget_type=\"heading.default\">\n\t\t\t\t<div class=\"elementor-widget-container\">\n\t\t\t\t\t<h2 class=\"elementor-heading-title elementor-size-default\">Bandas de graduaci\u00f3n personalizadas<\/h2>\t\t\t\t<\/div>\n\t\t\t\t<\/div>\n\t\t\t\t<div class=\"elementor-element elementor-element-a424cfa elementor-widget elementor-widget-text-editor\" data-id=\"a424cfa\" data-element_type=\"widget\" data-e-type=\"widget\" data-widget_type=\"text-editor.default\">\n\t\t\t\t<div class=\"elementor-widget-container\">\n\t\t\t\t\t\t\t\t\tBandas de graduaci\u00f3n de colegios, institutos y de Universidad. Personalizadas, gran variedad de colores. Tambi\u00e9n bandas para cert\u00e1menes de miss y mister personalizadas\t\t\t\t\t\t\t\t<\/div>\n\t\t\t\t<\/div>\n\t\t\t\t<\/a>\n\t\t\t\t<\/div>\n\t\t<\/div><div class=\"jet-listing-grid__item jet-listing-dynamic-post-2407\" data-post-id=\"2407\"  >\t\t<div data-elementor-type=\"jet-listing-items\" data-elementor-id=\"1296\" class=\"elementor elementor-1296 elementor-1063 elementor-1063\" data-elementor-post-type=\"jet-engine\">\n\t\t\t\t<a class=\"elementor-element elementor-element-4728787 e-con-full e-flex e-con e-parent\" data-id=\"4728787\" data-element_type=\"container\" data-e-type=\"container\" data-settings=\"{&quot;jet_parallax_layout_list&quot;:[],&quot;background_background&quot;:&quot;classic&quot;}\" href=\"https:\/\/pdmgifts.com\/es\/serveis\/articulos-de-promocion-personalizados\/\">\n\t\t\t\t<div class=\"elementor-element elementor-element-ab224e8 elementor-widget elementor-widget-image\" data-id=\"ab224e8\" data-element_type=\"widget\" data-e-type=\"widget\" data-widget_type=\"image.default\">\n\t\t\t\t<div class=\"elementor-widget-container\">\n\t\t\t\t\t\t\t\t\t\t\t\t\t\t\t<img loading=\"lazy\" decoding=\"async\" width=\"550\" height=\"550\" src=\"https:\/\/pdmgifts.com\/wp-content\/uploads\/2023\/09\/PERSONALITZATS.jpg\" class=\"attachment-full size-full wp-image-1718\" alt=\"\" srcset=\"https:\/\/pdmgifts.com\/wp-content\/uploads\/2023\/09\/PERSONALITZATS.jpg 550w, https:\/\/pdmgifts.com\/wp-content\/uploads\/2023\/09\/PERSONALITZATS-300x300.jpg 300w, https:\/\/pdmgifts.com\/wp-content\/uploads\/2023\/09\/PERSONALITZATS-150x150.jpg 150w\" sizes=\"(max-width: 550px) 100vw, 550px\" title=\"\">\t\t\t\t\t\t\t\t\t\t\t\t\t\t\t<\/div>\n\t\t\t\t<\/div>\n\t\t\t\t<div class=\"elementor-element elementor-element-f6a5dc6 elementor-widget elementor-widget-heading\" data-id=\"f6a5dc6\" data-element_type=\"widget\" data-e-type=\"widget\" data-widget_type=\"heading.default\">\n\t\t\t\t<div class=\"elementor-widget-container\">\n\t\t\t\t\t<h2 class=\"elementor-heading-title elementor-size-default\">Art\u00edculos Personalizados<\/h2>\t\t\t\t<\/div>\n\t\t\t\t<\/div>\n\t\t\t\t<div class=\"elementor-element elementor-element-a424cfa elementor-widget elementor-widget-text-editor\" data-id=\"a424cfa\" data-element_type=\"widget\" data-e-type=\"widget\" data-widget_type=\"text-editor.default\">\n\t\t\t\t<div class=\"elementor-widget-container\">\n\t\t\t\t\t\t\t\t\tDescubre c\u00f3mo ofrecemos soluciones \u00fanicas y a medida a los clientes, desde trofeos personalizados hasta placas grabadas para uso industrial. Como dise\u00f1ador de productos personalizados y especialista en gravados y placas industriales, podr\u00e1s encontrar un amplio abanico de opciones que se adaptan a las necesidades y preferencias de cada cliente. Los trofeos personalizados son una excelente manera de premiar logros destacados con dise\u00f1os \u00fanicos que reflejen la esencia del reconocimiento. Adem\u00e1s, dise\u00f1amos expositores de PLV que resalten la identidad de la marca y atraigan a los clientes hacia los productos.\t\t\t\t\t\t\t\t<\/div>\n\t\t\t\t<\/div>\n\t\t\t\t<\/a>\n\t\t\t\t<\/div>\n\t\t<\/div><\/div><\/div>\t\t\t\t<\/div>\n\t\t\t\t<\/div>\n\t\t\t\t<\/div>\n\t\t\t\t\t<\/div>\n\t\t\t\t<\/div>\n\t\t\t\t<\/div>\n\t\t","protected":false},"excerpt":{"rendered":"<p>ART\u00cdCULOS PERSONALIZADOS \u00a0<\/p>\n","protected":false},"author":1,"featured_media":0,"parent":0,"menu_order":0,"comment_status":"closed","ping_status":"closed","template":"","meta":{"footnotes":""},"class_list":["post-1055","page","type-page","status-publish","hentry"],"_links":{"self":[{"href":"https:\/\/pdmgifts.com\/es\/wp-json\/wp\/v2\/pages\/1055","targetHints":{"allow":["GET"]}}],"collection":[{"href":"https:\/\/pdmgifts.com\/es\/wp-json\/wp\/v2\/pages"}],"about":[{"href":"https:\/\/pdmgifts.com\/es\/wp-json\/wp\/v2\/types\/page"}],"author":[{"embeddable":true,"href":"https:\/\/pdmgifts.com\/es\/wp-json\/wp\/v2\/users\/1"}],"replies":[{"embeddable":true,"href":"https:\/\/pdmgifts.com\/es\/wp-json\/wp\/v2\/comments?post=1055"}],"version-history":[{"count":36,"href":"https:\/\/pdmgifts.com\/es\/wp-json\/wp\/v2\/pages\/1055\/revisions"}],"predecessor-version":[{"id":4318,"href":"https:\/\/pdmgifts.com\/es\/wp-json\/wp\/v2\/pages\/1055\/revisions\/4318"}],"wp:attachment":[{"href":"https:\/\/pdmgifts.com\/es\/wp-json\/wp\/v2\/media?parent=1055"}],"curies":[{"name":"wp","href":"https:\/\/api.w.org\/{rel}","templated":true}]}}